{"id":987832,"date":"2024-02-06T17:03:12","date_gmt":"2024-02-06T20:03:12","guid":{"rendered":"https:\/\/andrettadistribuidora.com\/?post_type=product&#038;p=987832"},"modified":"2024-02-06T17:29:37","modified_gmt":"2024-02-06T20:29:37","slug":"biogelis-global-seringa","status":"publish","type":"product","link":"https:\/\/andrettadistribuidora.com\/index.php\/produto\/biogelis-global-seringa\/","title":{"rendered":"Biogelis  Global Seringa"},"content":{"rendered":"<div class=\"vgblk-rw-wrapper limit-wrapper\">Transforme e rejuvenes\u00e7a com os Preenchedores Biogelis da Pharmaesthetics.<\/p>\n<p>Tr\u00eas apresenta\u00e7\u00f5es dispon\u00edveis:<br \/>\n\u2714 Fine Lines<br \/>\n\u2714 Global<br \/>\n\u2714 Volume<br \/>\nCada um projetado para atender \u00e0s suas necessidades espec\u00edficas de beleza com precis\u00e3o e delicadeza.<br \/>\n\ud83d\udc89 Com Biogelis, voc\u00ea obt\u00e9m resultados naturais e duradouros, real\u00e7ando a beleza com a ci\u00eancia de ponta da Pharmaesthetics.<\/p><\/div>\n<p><!-- .vgblk-rw-wrapper --><\/p>\n","protected":false},"excerpt":{"rendered":"<p>Transforme e rejuvenes\u00e7a com os Preenchedores Biogelis da Pharmaesthetics. Tr\u00eas apresenta\u00e7\u00f5es dispon\u00edveis: \u2714 Fine Lines \u2714 Global \u2714 Volume Cada um projetado para atender \u00e0s suas necessidades espec\u00edficas de beleza com precis\u00e3o e delicadeza. \ud83d\udc89 Com Biogelis, voc\u00ea obt\u00e9m resultados naturais e duradouros, real\u00e7ando a beleza com a ci\u00eancia de ponta da Pharmaesthetics.<\/p>\n","protected":false},"featured_media":987828,"comment_status":"closed","ping_status":"closed","template":"","meta":[],"product_cat":[61],"product_tag":[],"class_list":{"0":"post-987832","1":"product","2":"type-product","3":"status-publish","4":"has-post-thumbnail","6":"product_cat-sem-categoria","8":"first","9":"instock","10":"shipping-taxable","11":"product-type-simple"},"_links":{"self":[{"href":"https:\/\/andrettadistribuidora.com\/index.php\/wp-json\/wp\/v2\/product\/987832","targetHints":{"allow":["GET"]}}],"collection":[{"href":"https:\/\/andrettadistribuidora.com\/index.php\/wp-json\/wp\/v2\/product"}],"about":[{"href":"https:\/\/andrettadistribuidora.com\/index.php\/wp-json\/wp\/v2\/types\/product"}],"replies":[{"embeddable":true,"href":"https:\/\/andrettadistribuidora.com\/index.php\/wp-json\/wp\/v2\/comments?post=987832"}],"wp:featuredmedia":[{"embeddable":true,"href":"https:\/\/andrettadistribuidora.com\/index.php\/wp-json\/wp\/v2\/media\/987828"}],"wp:attachment":[{"href":"https:\/\/andrettadistribuidora.com\/index.php\/wp-json\/wp\/v2\/media?parent=987832"}],"wp:term":[{"taxonomy":"product_cat","embeddable":true,"href":"https:\/\/andrettadistribuidora.com\/index.php\/wp-json\/wp\/v2\/product_cat?post=987832"},{"taxonomy":"product_tag","embeddable":true,"href":"https:\/\/andrettadistribuidora.com\/index.php\/wp-json\/wp\/v2\/product_tag?post=987832"}],"curies":[{"name":"wp","href":"https:\/\/api.w.org\/{rel}","templated":true}]}}